{"id":62,"date":"2018-10-12T19:13:19","date_gmt":"2018-10-12T19:13:19","guid":{"rendered":"http:\/\/159.89.37.104\/murilo\/wordpress\/?page_id=62"},"modified":"2018-10-12T19:13:19","modified_gmt":"2018-10-12T19:13:19","slug":"conceitos-e-simbolos","status":"publish","type":"page","link":"https:\/\/oraculos.com.br\/index.php\/conceitos-e-simbolos\/","title":{"rendered":"Os Signos"},"content":{"rendered":"<p><strong>\u00a0\u00a0\u00a0\u00a0\u00a0 \u00a0\u00a0\u00a0\u00a0\u00a0 &#8211; Os Signos<\/strong><\/p>\n<p>Para que voc\u00ea possa entender um pouco da\u00a0 linguagem\u00a0 oculta\u00a0 no\u00a0 seu\u00a0 hor\u00f3scopo,\u00a0 apresentamos\u00a0 a\u00a0 seguir\u00a0 alguns\u00a0\u00a0 elementos\u00a0 importantes.<\/p>\n<p>Comecemos ent\u00e3o pelo alfabeto astrol\u00f3gico, ou\u00a0 seja,\u00a0 pelos\u00a0 s\u00edmbolos utilizados para marcar os signos, os planetas,\u00a0 os\u00a0 n\u00f3s\u00a0 lunares e os aspectos.<\/p>\n<p>Doze s\u00edmbolos identificam os signos, sabendo-se que damos o\u00a0 nome de signos ou Casas Celestes aos\u00a0 doze\u00a0 setores\u00a0 em\u00a0 que\u00a0 se\u00a0 divide o hor\u00f3scopo intelectual. Tais s\u00e3o:<\/p>\n<p><img loading=\"lazy\" decoding=\"async\" class=\"size-full wp-image-113 aligncenter\" src=\"http:\/\/167.86.106.197\/wp-content\/uploads\/2018\/10\/Simbolos-Signos.png\" alt=\"\" width=\"330\" height=\"476\" \/><\/p>\n<p>Quando olhamos para o c\u00e9u e vemos o movimento\u00a0 dos\u00a0 astros,\u00a0 temos a impress\u00e3o de que a Terra \u00e9 fixa e\u00a0 todo\u00a0 o\u00a0 universo\u00a0 se\u00a0 move em torno de n\u00f3s. Sabemos que essa vis\u00e3o \u00e9\u00a0 falsa mas\u00a0 \u00e9\u00a0 exatamente assim que\u00a0 o\u00a0 astr\u00f3logo\u00a0 retrata,\u00a0 num\u00a0 hor\u00f3scopo,\u00a0 o\u00a0 panorama celeste de um momento natal. A astrologia se baseia num\u00a0 conceito geoc\u00eantrico, ali\u00e1s bastante l\u00f3gico;\u00a0 como\u00a0 \u00e9\u00a0 aqui\u00a0 que\u00a0 est\u00e1 a criatura cujo tema vai ser analisado, temos que\u00a0 imaginar\u00a0 a Terra como centro do universo e visualiz\u00e1-la como um alvo para\u00a0 onde convergem os raios magn\u00e9ticos emitidos pelos outros\u00a0 corpos\u00a0 celestes.<\/p>\n<p>Para a Astrologia o trecho\u00a0 mais\u00a0 importante\u00a0 do\u00a0 c\u00e9u\u00a0 \u00e9\u00a0 o\u00a0 zod\u00edaco. Podemos imagin\u00e1-lo como uma\u00a0 faixa\u00a0 por\u00a0 onde\u00a0 caminham\u00a0 sempre as mesmas constela\u00e7\u00f5es, ou grupos estelares, que por isso\u00a0 mesmo s\u00e3o chamadas constela\u00e7\u00f5es zodiacais.<\/p>\n<p>O Sol parece seguir uma linha invis\u00edvel tra\u00e7ada\u00a0 exatamente\u00a0 no centro dessa faixa\u00a0 zodiacal.\u00a0 Essa\u00a0 linha\u00a0 ou\u00a0 \u00f3rbita\u00a0 solar\u00a0 chama-se ecl\u00edtica. Os planetas seguem o\u00a0 Sol\u00a0 por\u00a0 essa\u00a0 estrada\u00a0 celeste que \u00e9 o zod\u00edaco mas, embora nunca saiam de seus limites,\u00a0 t\u00eam uma marcha caprichosa e irregular; ora est\u00e3o ao norte ora ao sul da ecl\u00edtica, caminham para frente, estacionam, retrocedem\u00a0 e andam mais depressa ou mais devagar.<\/p>\n<p>A ecl\u00edptica e o equador\u00a0 celeste\u00a0 se\u00a0 entrecruzam\u00a0 a\u00a0 21\u00a0 de mar\u00e7o, mais ou menos, no ponto equinocial vernal, que\u00a0 no\u00a0 nosso hemisf\u00e9rio sul corresponde a entrada do outono; a 22 de setembro tornam a cruzar-se no ponto equinocial\u00a0 outonal,\u00a0 que\u00a0 para\u00a0 n\u00f3s corresponde a entrada da primavera.<\/p>\n<p>Durante\u00a0 sua\u00a0 marcha anual, o Sol vai at\u00e9 mais ou menos 23<u><sup>0<\/sup><\/u> 27\u2019 acima da linha do\u00a0 equador\u00a0 e a mesma dist\u00e2ncia abaixo dele.\u00a0\u00a0 Essa obliq\u00fcidade da ecl\u00edtica \u00e9 que determina os dias mais longos\u00a0\u00a0 no ver\u00e3o e mais curtos\u00a0 no\u00a0 inverno,\u00a0 ao\u00a0 mesmo \u00a0tempo\u00a0 que\u00a0\u00a0 se responsabiliza pelas esta\u00e7\u00f5es.<\/p>\n<p>O ano civil se inicia a 1 de janeiro mas o ano\u00a0 astrol\u00f3gico come\u00e7a com a entrada do Sol no signo de \u00c1ries, a 21 de mar\u00e7o.\u00a0 A correspond\u00eancia entre os signos e meses do\u00a0 ano\u00a0 \u00e9\u00a0 a\u00a0 seguinte, naturalmente sem um grande rigor matem\u00e1tico e astron\u00f4mico:<\/p>\n<p>\u00c1RIES\u00a0\u00a0\u00a0\u00a0\u00a0\u00a0\u00a0\u00a0 \u00a0\u00a0\u00a0\u00a0\u00a0\u00a0\u00a0\u00a0\u00a0\u00a0\u00a0\u00a0\u00a0 21 de mar\u00e7o \u00e0 20 de abril<\/p>\n<p>TOURO\u00a0\u00a0\u00a0\u00a0\u00a0\u00a0\u00a0\u00a0 \u00a0\u00a0\u00a0\u00a0\u00a0\u00a0\u00a0\u00a0\u00a0\u00a0\u00a0 21 de abril \u00e0 20 de maio<\/p>\n<p>GEMINI\u00a0\u00a0\u00a0\u00a0\u00a0\u00a0\u00a0 \u00a0\u00a0\u00a0\u00a0\u00a0\u00a0\u00a0\u00a0\u00a0\u00a0\u00a0 21 de maio \u00e0 20 de junho<\/p>\n<p>C\u00c2NCER\u00a0\u00a0\u00a0\u00a0\u00a0\u00a0\u00a0 \u00a0\u00a0\u00a0\u00a0\u00a0\u00a0\u00a0\u00a0\u00a0\u00a0 21 de junho \u00e0 21 de julho<\/p>\n<p>LEO\u00a0\u00a0\u00a0\u00a0\u00a0\u00a0\u00a0\u00a0\u00a0\u00a0 \u00a0\u00a0\u00a0\u00a0\u00a0\u00a0\u00a0\u00a0\u00a0\u00a0\u00a0\u00a0\u00a0\u00a0\u00a0 22 de julho \u00e0 22 de agosto<\/p>\n<p>VIRGO\u00a0\u00a0\u00a0\u00a0\u00a0\u00a0\u00a0\u00a0 \u00a0\u00a0\u00a0\u00a0\u00a0\u00a0\u00a0\u00a0\u00a0\u00a0\u00a0\u00a0 23 de agosto \u00e0 22\u00a0 de setembro<\/p>\n<p>LIBRA\u00a0\u00a0\u00a0\u00a0\u00a0\u00a0\u00a0\u00a0 \u00a0\u00a0\u00a0\u00a0\u00a0\u00a0\u00a0\u00a0\u00a0\u00a0\u00a0\u00a0\u00a0 23 de setembro \u00e0 22 de outubro<\/p>\n<p>ESCORPIO\u00a0\u00a0\u00a0\u00a0\u00a0 \u00a0\u00a0\u00a0\u00a0\u00a0\u00a0\u00a0\u00a0 23 de outubro \u00e0 21 de novembro<\/p>\n<p>SAGIT\u00c1RIO\u00a0\u00a0\u00a0\u00a0 \u00a0\u00a0\u00a0\u00a0\u00a0\u00a0\u00a0 22 de novembro \u00e0 21 de dezembro<\/p>\n<p>CAPRIC\u00d3RNIO\u00a0\u00a0 \u00a0\u00a0\u00a0 22 de dezembro \u00e0 20 de janeiro<\/p>\n<p>AQU\u00c1RIO\u00a0\u00a0\u00a0\u00a0\u00a0\u00a0 \u00a0\u00a0\u00a0\u00a0\u00a0\u00a0\u00a0\u00a0 21 de janeiro \u00e0 19 de fevereiro<\/p>\n<p>PEIXES\u00a0\u00a0\u00a0\u00a0\u00a0\u00a0\u00a0 \u00a0\u00a0\u00a0\u00a0\u00a0\u00a0\u00a0\u00a0\u00a0\u00a0\u00a0\u00a0 20 de fevereiro \u00e0 20 de mar\u00e7o<\/p>\n<p>Como o ano terrestre tem 365 dias, 5 horas, 48 minutos e 47 segundos, enquanto o c\u00edrculo zodiacal \u00e9 matematicamente dividido em 360 exatos,\u00a0 os\u00a0 dias\u00a0 excedentes\u00a0 foram\u00a0 distribu\u00eddos\u00a0 entre alguns signos.<\/p>\n<p>Tamb\u00e9m\u00a0 devemos\u00a0 saber\u00a0 que\u00a0 o\u00a0 zod\u00edaco\u00a0 natural,\u00a0 ou\u00a0 \u00a0das constela\u00e7\u00f5es zodiacais, atualmente n\u00e3o\u00a0 corresponde\u00a0 ao\u00a0 zod\u00edaco intelectual, ou astrol\u00f3gico. Em virtude do deslocamento do\u00a0 eixo terrestre em torno do eixo da ecl\u00edtica,\u00a0 fen\u00f4meno\u00a0 este\u00a0 chamado precess\u00e3o dos equin\u00f3cios,\u00a0 as\u00a0 constela\u00e7\u00f5es\u00a0 marcham\u00a0 lentamente para tr\u00e1s, em sentido oposto ao dos ponteiros do\u00a0 rel\u00f3gio.\u00a0 Essa marcha inversa leva cerca de\u00a0 26.000\u00a0 anos\u00a0 para\u00a0 se\u00a0 completar. Quando isso acontece por um breve per\u00edodo os signos correspondem<\/p>\n<p>As constela\u00e7\u00f5es tem tamanhos diferentes e\u00a0 enquanto\u00a0 Virgo, por exemplo, ocupa vasta extens\u00e3o celeste, C\u00e2ncer n\u00e3o\u00a0 passa\u00a0 de min\u00fascula e bela fam\u00edlia estelar. O zod\u00edaco astrol\u00f3gico,\u00a0 por\u00e9m, divide-se em 12 setores exatamente iguais, os\u00a0 signos\u00a0 ou\u00a0 Casas Celestes, tendo cada um 30 graus.<\/p>\n<p>Cada signo se divide em tr\u00eas partes de 10 graus cada; estas partes s\u00e3o chamadas DECANATOS.<\/p>\n<p>O primeiro decanato tem\u00a0 o\u00a0 governo\u00a0 do\u00a0 regente\u00a0 do\u00a0 signo enquanto os dois \u00faltimos s\u00e3o dominados pelos regentes dos signos seq\u00fcentes, da\u00a0 mesma\u00a0 triplicidade\u00a0 &#8211; \u00a0tri\u00e2ngulo\u00a0 formado\u00a0 pelos signos do mesmo elemento. Os elementos\u00a0 correspondem\u00a0 \u00e0s\u00a0 quatro for\u00e7as\u00a0 c\u00f3smicas\u00a0 prim\u00e1rias:\u00a0 radiante,\u00a0 expansiva,\u00a0 fluente\u00a0\u00a0 e coesiva, que originam os quatro\u00a0 elementos\u00a0 b\u00e1sicos:\u00a0 fogo,\u00a0 ar, \u00e1gua e terra.<\/p>\n<p>Assim os signos se dividem,\u00a0 segundo\u00a0 tais\u00a0 elementos,\u00a0 em quatro triplicidades, que s\u00e3o:<\/p>\n<p>&nbsp;<\/p>\n<p>Terra\u00a0\u00a0\u00a0 Touro, Virgem, Capric\u00f3rnio<\/p>\n<p>\u00c1gua\u00a0\u00a0\u00a0 C\u00e2ncer, Escorpi\u00e3o, Peixes<\/p>\n<p>Fogo\u00a0\u00a0\u00a0 \u00c1ries, Le\u00e3o, Sagit\u00e1rio<\/p>\n<p>Ar\u00a0\u00a0\u00a0\u00a0\u00a0\u00a0\u00a0 G\u00eameos, Libra, Aqu\u00e1rio<\/p>\n<p>&nbsp;<\/p>\n<p>&nbsp;<\/p>\n","protected":false},"excerpt":{"rendered":"<p>\u00a0\u00a0\u00a0\u00a0\u00a0 \u00a0\u00a0\u00a0\u00a0\u00a0 &#8211; Os Signos Para que voc\u00ea possa entender um pouco da\u00a0 linguagem\u00a0 oculta\u00a0 no\u00a0 seu\u00a0 hor\u00f3scopo,\u00a0 apresentamos\u00a0 a\u00a0 seguir\u00a0 alguns\u00a0\u00a0 elementos\u00a0 importantes. Comecemos ent\u00e3o pelo alfabeto astrol\u00f3gico, ou\u00a0 seja,\u00a0 pelos\u00a0 s\u00edmbolos utilizados para marcar os signos, os planetas,\u00a0 os\u00a0 n\u00f3s\u00a0 lunares e os aspectos. Doze s\u00edmbolos identificam os signos, sabendo-se que damos o\u00a0 &#8230; <a title=\"Os Signos\" class=\"read-more\" href=\"https:\/\/oraculos.com.br\/index.php\/conceitos-e-simbolos\/\" aria-label=\"Read more about Os Signos\">Read more<\/a><\/p>\n","protected":false},"author":2,"featured_media":0,"parent":0,"menu_order":0,"comment_status":"closed","ping_status":"closed","template":"","meta":{"footnotes":""},"class_list":["post-62","page","type-page","status-publish"],"_links":{"self":[{"href":"https:\/\/oraculos.com.br\/index.php\/wp-json\/wp\/v2\/pages\/62","targetHints":{"allow":["GET"]}}],"collection":[{"href":"https:\/\/oraculos.com.br\/index.php\/wp-json\/wp\/v2\/pages"}],"about":[{"href":"https:\/\/oraculos.com.br\/index.php\/wp-json\/wp\/v2\/types\/page"}],"author":[{"embeddable":true,"href":"https:\/\/oraculos.com.br\/index.php\/wp-json\/wp\/v2\/users\/2"}],"replies":[{"embeddable":true,"href":"https:\/\/oraculos.com.br\/index.php\/wp-json\/wp\/v2\/comments?post=62"}],"version-history":[{"count":0,"href":"https:\/\/oraculos.com.br\/index.php\/wp-json\/wp\/v2\/pages\/62\/revisions"}],"wp:attachment":[{"href":"https:\/\/oraculos.com.br\/index.php\/wp-json\/wp\/v2\/media?parent=62"}],"curies":[{"name":"wp","href":"https:\/\/api.w.org\/{rel}","templated":true}]}}