{"id":134,"date":"2018-10-22T13:38:59","date_gmt":"2018-10-22T13:38:59","guid":{"rendered":"http:\/\/159.89.37.104\/murilo\/wordpress\/?page_id=134"},"modified":"2018-10-22T13:38:59","modified_gmt":"2018-10-22T13:38:59","slug":"os-aspectos","status":"publish","type":"page","link":"https:\/\/oraculos.com.br\/index.php\/os-aspectos\/","title":{"rendered":"Os Aspectos"},"content":{"rendered":"<p>D\u00e1-se o\u00a0 nome\u00a0 de\u00a0 aspecto \u00a0a\u00a0 certas\u00a0 dist\u00e2ncias\u00a0 cr\u00edticas (dist\u00e2ncias em graus), verificadas entre um planeta e\u00a0 outro\u00a0 ou entre os planetas, os signos e os n\u00f3s lunares.<\/p>\n<p>Os aspectos de\u00a0 influ\u00eancias\u00a0 mais\u00a0 violentas\u00a0 s\u00e3o\u00a0 chamados maiores, e dividem-se em:<\/p>\n<p>&nbsp;<\/p>\n<p>Influ\u00eancia Ben\u00e9fica: Sextil e Tr\u00edgono<\/p>\n<p>Influ\u00eancia Mal\u00e9fica: Oposi\u00e7\u00e3o e Quadratura<\/p>\n<p>Influ\u00eancia Neutra: Paralelo e Conjun\u00e7\u00e3o<\/p>\n<p>Os de vibra\u00e7\u00f5es mais d\u00e9beis s\u00e3o chamados menores. No\u00a0 nosso trabalho de interpreta\u00e7\u00e3o s\u00f3 consideramos os\u00a0 aspectos\u00a0 maiores, pois que\u00a0 os\u00a0 menores,\u00a0 como\u00a0 o\u00a0 pr\u00f3prio\u00a0 nome\u00a0 indica,\u00a0 s\u00e3o\u00a0 de import\u00e2ncia n\u00e3o t\u00e3o grande numa interpreta\u00e7\u00e3o como a nossa\u00a0 mais geral, mas numa interpreta\u00e7\u00e3o mais minudente acrescentam maiores informa\u00e7\u00f5es ou detalhes na analise.\u00a0 Indicaremos\u00a0 seus\u00a0 s\u00edmbolos para que voc\u00ea possa conhec\u00ea-los e se os vir no\u00a0 futuro\u00a0 saiba\u00a0 o que significam uma vez que eles aparecem em alguns mapas.<\/p>\n<p>&nbsp;<\/p>\n<p>Treze s\u00edmbolos que identificam os aspectos:<\/p>\n<p><img loading=\"lazy\" decoding=\"async\" class=\"alignnone size-full wp-image-135\" src=\"http:\/\/167.86.106.197\/wp-content\/uploads\/2018\/10\/Aspectos-01.png\" alt=\"\" width=\"415\" height=\"265\" \/><\/p>\n<p>Na verdade, o\u00a0 paralelo\u00a0 e\u00a0 a\u00a0 oposi\u00e7\u00e3o\u00a0 n\u00e3o\u00a0 deveriam\u00a0 ser classificados como aspectos mas sim como posi\u00e7\u00f5es visto que eles se verificam quando dois ou mais planetas t\u00eam a mesma declina\u00e7\u00e3o ou longitude.<\/p>\n<p>Vamos agora conhecer os s\u00edmbolos dos 7 aspectos menores.<\/p>\n<p><img loading=\"lazy\" decoding=\"async\" class=\"alignnone size-full wp-image-136\" src=\"http:\/\/167.86.106.197\/wp-content\/uploads\/2018\/10\/Aspectos-02.png\" alt=\"\" width=\"381\" height=\"308\" \/><\/p>\n<p>Existem\u00a0 ainda\u00a0 mais\u00a0 outros\u00a0 tr\u00eas\u00a0 aspectos\u00a0 menores que atualmente quase n\u00e3o s\u00e3o utilizados. S\u00e3o os seguintes:<\/p>\n<p>&nbsp;<\/p>\n<p>&#8211; vigintil, com 18<u><sup>0<\/sup><\/u> de arco<\/p>\n<p>&nbsp;<\/p>\n<p>&#8211; quindicil, com 24<u><sup>0<\/sup><\/u> de arco<\/p>\n<p>&nbsp;<\/p>\n<p>&#8211; tredicil, com 108<u><sup>0<\/sup><\/u> de arco<\/p>\n<p>&nbsp;<\/p>\n","protected":false},"excerpt":{"rendered":"<p>D\u00e1-se o\u00a0 nome\u00a0 de\u00a0 aspecto \u00a0a\u00a0 certas\u00a0 dist\u00e2ncias\u00a0 cr\u00edticas (dist\u00e2ncias em graus), verificadas entre um planeta e\u00a0 outro\u00a0 ou entre os planetas, os signos e os n\u00f3s lunares. Os aspectos de\u00a0 influ\u00eancias\u00a0 mais\u00a0 violentas\u00a0 s\u00e3o\u00a0 chamados maiores, e dividem-se em: &nbsp; Influ\u00eancia Ben\u00e9fica: Sextil e Tr\u00edgono Influ\u00eancia Mal\u00e9fica: Oposi\u00e7\u00e3o e Quadratura Influ\u00eancia Neutra: Paralelo e &#8230; <a title=\"Os Aspectos\" class=\"read-more\" href=\"https:\/\/oraculos.com.br\/index.php\/os-aspectos\/\" aria-label=\"Read more about Os Aspectos\">Read more<\/a><\/p>\n","protected":false},"author":2,"featured_media":0,"parent":0,"menu_order":0,"comment_status":"closed","ping_status":"closed","template":"","meta":{"footnotes":""},"class_list":["post-134","page","type-page","status-publish"],"_links":{"self":[{"href":"https:\/\/oraculos.com.br\/index.php\/wp-json\/wp\/v2\/pages\/134","targetHints":{"allow":["GET"]}}],"collection":[{"href":"https:\/\/oraculos.com.br\/index.php\/wp-json\/wp\/v2\/pages"}],"about":[{"href":"https:\/\/oraculos.com.br\/index.php\/wp-json\/wp\/v2\/types\/page"}],"author":[{"embeddable":true,"href":"https:\/\/oraculos.com.br\/index.php\/wp-json\/wp\/v2\/users\/2"}],"replies":[{"embeddable":true,"href":"https:\/\/oraculos.com.br\/index.php\/wp-json\/wp\/v2\/comments?post=134"}],"version-history":[{"count":0,"href":"https:\/\/oraculos.com.br\/index.php\/wp-json\/wp\/v2\/pages\/134\/revisions"}],"wp:attachment":[{"href":"https:\/\/oraculos.com.br\/index.php\/wp-json\/wp\/v2\/media?parent=134"}],"curies":[{"name":"wp","href":"https:\/\/api.w.org\/{rel}","templated":true}]}}