{"id":121,"date":"2018-10-22T13:09:31","date_gmt":"2018-10-22T13:09:31","guid":{"rendered":"http:\/\/159.89.37.104\/murilo\/wordpress\/?page_id=121"},"modified":"2018-10-22T13:09:31","modified_gmt":"2018-10-22T13:09:31","slug":"os-astros","status":"publish","type":"page","link":"https:\/\/oraculos.com.br\/index.php\/os-astros\/","title":{"rendered":"Os Astros"},"content":{"rendered":"<p>Dez s\u00edmbolos pertencentes ao Sol, a Lua e aos\u00a0 planetas\u00a0 do\u00a0 nosso sistema solar. Tais s\u00e3o:<\/p>\n<p><img loading=\"lazy\" decoding=\"async\" class=\"size-full wp-image-123 aligncenter\" src=\"http:\/\/167.86.106.197\/wp-content\/uploads\/2018\/10\/Simbolos-Planetas.png\" alt=\"\" width=\"208\" height=\"404\" \/><\/p>\n<p>Tais\u00a0 s\u00edmbolos\u00a0 tem\u00a0 um\u00a0 significado\u00a0 pr\u00f3prio.\u00a0 Passemos\u00a0 a\u00a0 compreend\u00ea-los melhor.<\/p>\n<p>O c\u00edrculo representa o Esp\u00edrito, a Meia\u00a0 Lua\u00a0 representa\u00a0 a\u00a0 Alma e a Cruz representa a Mat\u00e9ria. Assim:<\/p>\n<p>&nbsp;<\/p>\n<p>O <strong>Sol<\/strong> indica o Esp\u00edrito;<\/p>\n<p>&nbsp;<\/p>\n<p>A <strong>Lua<\/strong> indica a Alma;<\/p>\n<p>&nbsp;<\/p>\n<p><strong>Merc\u00fario<\/strong> simboliza a\u00a0 Alma\u00a0 que\u00a0 est\u00e1\u00a0 ativamente\u00a0 fluindo para o Esp\u00edrito que, por sua vez, luta para se expressar\u00a0 exteriormente expandindo suas id\u00e9ias\u00a0 para\u00a0 dentro\u00a0 da\u00a0 Cruz\u00a0 da\u00a0 Mat\u00e9ria;<\/p>\n<p>&nbsp;<\/p>\n<p><strong>V\u00eanus<\/strong> simboliza o Esp\u00edrito se expandindo\u00a0 atrav\u00e9s\u00a0 da mat\u00e9ria criando assim vida;<\/p>\n<p>&nbsp;<\/p>\n<p><strong>Marte<\/strong> representa a busca da perfei\u00e7\u00e3o\u00a0 em\u00a0 coisas\u00a0 externas ou em outras pessoas\u00a0 (Na\u00a0 moderna\u00a0 simbologia\u00a0 a\u00a0 Cruz\u00a0 aparece como uma flecha, indicando assim a natureza marciana\u00a0 de\u00a0 impulso para frente);<\/p>\n<p>&nbsp;<\/p>\n<p><strong>J\u00fapiter<\/strong>\u00a0 simboliza\u00a0 a\u00a0 Mat\u00e9ria\u00a0 e\u00a0\u00a0 a\u00a0\u00a0 Alma\u00a0\u00a0 se\u00a0 combinando harmoniosamente, cada uma sendo capaz de\u00a0 realizar\u00a0 a\u00a0 outra. \u00c9 interessante notar que o\u00a0 bra\u00e7o\u00a0 ocidental\u00a0 da\u00a0 Cruz\u00a0 \u00e9\u00a0 muito importante, pois o Ocidente\u00a0 sempre\u00a0 simboliza\u00a0 maturidade\u00a0 daquilo que se originou de seu nascimento no Oriente;<\/p>\n<p>&nbsp;<\/p>\n<p><strong>Saturno<\/strong> simboliza a necess\u00e1ria uni\u00e3o da mat\u00e9ria e\u00a0 da forma da vida, com o sincero desejo da Alma de expressar a si\u00a0 mesma;<\/p>\n<p><strong>Urano<\/strong> simboliza o rompimento dos costumes\u00a0 com\u00a0 a\u00a0 conseq\u00fcente percep\u00e7\u00e3o da natureza dual de todas as coisas;<\/p>\n<p>&nbsp;<\/p>\n<p><strong>Netuno<\/strong> representa o dissolvimento da mat\u00e9ria\u00a0 que n\u00e3o precisa mais ser cristalizada;<\/p>\n<p>&nbsp;<\/p>\n<p><strong>Plut\u00e3o<\/strong> indica as \u00e1reas desconhecidas que o\u00a0 homem tem que atravessar antes de finalmente alcan\u00e7ar uma\u00a0 compreens\u00e3o de si mesmo nos n\u00edveis mais profundos.<\/p>\n<p>&nbsp;<\/p>\n<p>Os planetas s\u00e3o considerados\u00a0 como\u00a0 senhores\u00a0 c\u00f3smicos\u00a0 dos signos. Astrologicamente, s\u00e3o chamados regentes ou governantes.<\/p>\n<p>Com exce\u00e7\u00e3o de Merc\u00fario e V\u00eanus, que regem dois signos,\u00a0 a cada um dos demais\u00a0 planetas\u00a0 compete\u00a0 o\u00a0 governo\u00a0 de\u00a0 um\u00a0 signo apenas. As reg\u00eancias s\u00e3o as seguintes:<\/p>\n<p>&nbsp;<\/p>\n<p>SOL\u00a0\u00a0\u00a0\u00a0\u00a0\u00a0\u00a0\u00a0\u00a0\u00a0 \u00a0\u00a0\u00a0\u00a0\u00a0\u00a0\u00a0\u00a0\u00a0\u00a0\u00a0\u00a0\u00a0\u00a0\u00a0\u00a0 LE\u00c3O<\/p>\n<p>LUA\u00a0\u00a0\u00a0\u00a0\u00a0\u00a0\u00a0\u00a0\u00a0\u00a0 \u00a0\u00a0\u00a0\u00a0\u00a0\u00a0\u00a0\u00a0\u00a0\u00a0\u00a0\u00a0\u00a0\u00a0\u00a0 C\u00c2NCER<\/p>\n<p>MERC\u00daRIO\u00a0\u00a0\u00a0\u00a0\u00a0 \u00a0\u00a0\u00a0\u00a0\u00a0\u00a0\u00a0 GEMEOS E VIRGEM<\/p>\n<p>V\u00caNUS\u00a0\u00a0\u00a0\u00a0\u00a0\u00a0\u00a0\u00a0 \u00a0\u00a0\u00a0\u00a0\u00a0\u00a0\u00a0\u00a0\u00a0\u00a0\u00a0\u00a0 TOURO E LIBRA<\/p>\n<p>MARTE\u00a0\u00a0\u00a0\u00a0\u00a0\u00a0\u00a0\u00a0 \u00a0\u00a0\u00a0\u00a0\u00a0\u00a0\u00a0\u00a0\u00a0\u00a0\u00a0 \u00c1RIES<\/p>\n<p>J\u00daPITER\u00a0\u00a0\u00a0\u00a0\u00a0\u00a0 \u00a0\u00a0\u00a0\u00a0\u00a0\u00a0\u00a0\u00a0\u00a0\u00a0\u00a0\u00a0 SAGIT\u00c1RIO<\/p>\n<p>SATURNO\u00a0\u00a0\u00a0\u00a0\u00a0\u00a0 \u00a0\u00a0\u00a0\u00a0\u00a0\u00a0\u00a0\u00a0 CAPRIC\u00d3RNIO<\/p>\n<p>URANO\u00a0\u00a0\u00a0\u00a0\u00a0\u00a0\u00a0\u00a0 \u00a0\u00a0\u00a0\u00a0\u00a0\u00a0\u00a0\u00a0\u00a0\u00a0\u00a0\u00a0\u00a0\u00a0\u00a0\u00a0\u00a0\u00a0\u00a0\u00a0\u00a0\u00a0 AQU\u00c1RIO<\/p>\n<p>NETUNO\u00a0\u00a0\u00a0\u00a0\u00a0\u00a0\u00a0 \u00a0\u00a0\u00a0\u00a0\u00a0\u00a0\u00a0\u00a0\u00a0\u00a0 PEIXES<\/p>\n<p>PLUT\u00c3O\u00a0\u00a0\u00a0\u00a0\u00a0\u00a0\u00a0 \u00a0\u00a0\u00a0\u00a0\u00a0\u00a0\u00a0\u00a0\u00a0\u00a0 ESCORPI\u00c3O<\/p>\n<p>&nbsp;<\/p>\n<p>Al\u00e9m destes 22 sinais temos ainda:<\/p>\n<p>&nbsp;<\/p>\n<p>&#8211; 3 selos lunares que indicam os pontos onde\u00a0 o\u00a0 Sol,\u00a0 a Lua e a Terra parecem ocupar o mesmo plano celeste:<\/p>\n<p><img loading=\"lazy\" decoding=\"async\" class=\"size-full wp-image-125 aligncenter\" src=\"http:\/\/167.86.106.197\/wp-content\/uploads\/2018\/10\/Lunares.png\" alt=\"\" width=\"403\" height=\"142\" \/><\/p>\n<p><img loading=\"lazy\" decoding=\"async\" class=\"alignnone size-full wp-image-126\" src=\"http:\/\/167.86.106.197\/wp-content\/uploads\/2018\/10\/Lilith.png\" alt=\"\" width=\"76\" height=\"26\" \/><\/p>\n<p>Outro ponto a ser considerado no mapa astrol\u00f3gico \u00e9 Lilith, chamada tamb\u00e9m a &#8220;LUA NEGRA&#8221;. Esta \u00e9 uma\u00a0 posi\u00e7\u00e3o\u00a0 astral\u00a0 muito interessante que j\u00e1 h\u00e1 algum tempo deveria ter chamado a aten\u00e7\u00e3o de todos os astr\u00f3logos.<\/p>\n<p>Bem, mas quem \u00e9 LILITH?<\/p>\n<p>Seu nome \u00e9 de origem hebraica, se\u00a0 diz\u00a0 que\u00a0 LILITH\u00a0 foi\u00a0 a primeira mulher de Ad\u00e3o, mas que como\u00a0 s\u00f3\u00a0 pensava\u00a0 em\u00a0 vol\u00fapia, permaneceu est\u00e9ril. Ent\u00e3o Eva foi entregue a\u00a0 Ad\u00e3o\u00a0 e\u00a0 ele\u00a0 pode procriar.<\/p>\n<p>Passemos da lenda ao plano cient\u00edfico. LILITH n\u00e3o\u00a0 \u00e9,\u00a0 como se acreditava, o segundo sat\u00e9lite da Terra. N\u00e3o\u00a0 \u00e9\u00a0 representada por nenhum corpo celeste, sen\u00e3o que se trata de um\u00a0 ponto\u00a0 muito importante que est\u00e1 na rela\u00e7\u00e3o direta com a marcha da Lua.\u00a0 Este ponto \u00e9 fict\u00edcio.<\/p>\n<p>LILITH representa o segundo foco da \u00f3rbita el\u00edptica da Lua, o primeiro \u00e9 a Terra.<\/p>\n<p>Com efeito, a a\u00e7\u00e3o desta posi\u00e7\u00e3o celeste tem um\u00a0 importante papel no comportamento sexual do indiv\u00edduo. A\u00a0 interpreta\u00e7\u00e3o\u00a0 de uma\u00a0 carta\u00a0 astrol\u00f3gica\u00a0 deveria\u00a0 dar\u00a0 mais\u00a0 import\u00e2ncia\u00a0\u00a0 neste terreno,\u00a0\u00a0 principalmente\u00a0\u00a0 porque\u00a0\u00a0 hoje\u00a0\u00a0\u00a0 em\u00a0\u00a0\u00a0 dia,\u00a0\u00a0\u00a0 \u00e9poca pretendidamente\u00a0 mais\u00a0 liberal,\u00a0 cada\u00a0 um\u00a0 de\u00a0 n\u00f3s\u00a0 possui\u00a0\u00a0 uma sexualidade pr\u00f3pria\u00a0 que\u00a0 s\u00f3\u00a0 se\u00a0 exterioriza\u00a0 com\u00a0 algumas\u00a0 das pessoas mais pr\u00f3ximas, aquelas com as quais\u00a0 mantemos\u00a0 rela\u00e7\u00f5es. Esta parte da vida \u00e9\u00a0 importante,\u00a0 precisamente\u00a0 pelo\u00a0 seu\u00a0 lado secreto, tanto para o astr\u00f3logo como para o\u00a0 consulente\u00a0 pois\u00a0 a sexualidade,\u00a0 mais\u00a0 do\u00a0 que\u00a0 qualquer\u00a0 outro\u00a0 aspecto\u00a0 de\u00a0 nosso car\u00e1ter, \u00e9 um instinto, um reflexo quase animal.<\/p>\n<p>Al\u00e9m de LILITH existe, em oposi\u00e7\u00e3o a seu ponto na el\u00edptica, o SOL NEGRO, que n\u00e3o devemos desdenhar, pois se a LUA NEGRA\u00a0 nos fornece\u00a0 dados\u00a0 precisos\u00a0 no\u00a0 que\u00a0 se\u00a0\u00a0 refere\u00a0\u00a0 \u00e0\u00a0\u00a0 sexualidade individual, esta segunda posi\u00e7\u00e3o revela as piores tend\u00eancias que se\u00a0 encontram\u00a0 em\u00a0 n\u00f3s\u00a0 e\u00a0 que\u00a0 podem\u00a0 despertar\u00a0 sem\u00a0 que\u00a0\u00a0 nos apercebamos disso, quer seja por uma\u00a0 m\u00e1\u00a0 posi\u00e7\u00e3o\u00a0 astral,\u00a0 quer seja por um tr\u00e2nsito deplor\u00e1vel.<\/p>\n<p><img loading=\"lazy\" decoding=\"async\" class=\"alignnone size-full wp-image-127\" src=\"http:\/\/167.86.106.197\/wp-content\/uploads\/2018\/10\/Kiron.png\" alt=\"\" width=\"78\" height=\"29\" \/><\/p>\n<p>Kiron\u00a0 foi\u00a0 avistado\u00a0 pela\u00a0 primeira\u00a0 vez em 1977, sendo um\u00a0\u00a0 planet\u00f3ide que \u00f3rbita de forma elips\u00f3ide\u00a0 entre Saturno e Urano\u00a0 num ciclo de 50-51 anos.<\/p>\n<p>Desde que foi\u00a0 localizado\u00a0 pouco\u00a0 foi\u00a0 escrito\u00a0 sobre\u00a0 essa\u00a0 descoberta. Houve pouco tempo para pesquisas em\u00a0 profundidade e\u00a0 s\u00f3 agora os astr\u00f3logos o est\u00e3o incluindo em suas interpreta\u00e7\u00f5es\u00a0 de mapas.<\/p>\n<p>Mas o que ele significa? O que ele rege?Como interpret\u00e1-lo?<\/p>\n<p>Segundo uma estudiosa\u00a0 sobre\u00a0 este\u00a0 planeta,\u00a0 Barbara\u00a0 Hand\u00a0 Clow, Kiron rege o signo\u00a0 de\u00a0 Virgem\u00a0 e,\u00a0 conseq\u00fcentemente\u00a0 a 6<u><sup>a<\/sup><\/u>\u00a0 Casa, n\u00e3o o inclu\u00edmos na listagem\u00a0 anterior\u00a0 porque\u00a0 cremos seja\u00a0 ainda\u00a0\u00a0\u00a0 necess\u00e1rio\u00a0\u00a0 muitos\u00a0\u00a0 estudos\u00a0\u00a0 para\u00a0\u00a0 que\u00a0\u00a0 tal\u00a0\u00a0 seja\u00a0 definitivamente aceito e comprovado,\u00a0 por\u00a0 enquanto\u00a0 nos\u00a0 parece\u00a0 bastante satisfat\u00f3rio, entretanto s\u00f3 o tempo dir\u00e1.<\/p>\n<p>O que de fato temos \u00e9 que a descoberta\u00a0 de\u00a0 Kiron propiciou\u00a0 um longo alcance \u00e0 vis\u00e3o da astrologia porque\u00a0 ele\u00a0 parece ser a\u00a0 ponte para os planetas exteriores, Urano, Netuno e Plut\u00e3o.\u00a0 Ele,\u00a0 como j\u00e1 dissemos, completa sua \u00f3rbita num ciclo\u00a0 de\u00a0 50-51 anos,\u00a0 entre Saturno e\u00a0 Urano.\u00a0 Da mesma\u00a0 forma\u00a0 que\u00a0 Merc\u00fario\u00a0 ajuda a\u00a0 compreender os outros planetas interiores, alqu\u00edmica de\u00a0 assim a\u00a0 sabedoria da\u00a0 \u201cporta alqu\u00edmica\u201d de Kiron\u00a0 torna\u00a0 agora\u00a0 poss\u00edvel\u00a0 compreender os planetas exteriores.<\/p>\n<p>As\u00a0 primeiras\u00a0\u00a0 tentativas\u00a0\u00a0 para\u00a0\u00a0 definir\u00a0\u00a0 essa\u00a0 planeta\u00a0 constitu\u00edram a mais r\u00e1pida pesquisa planet\u00e1ria\u00a0 da\u00a0 hist\u00f3ria\u00a0 da\u00a0 astrologia.<\/p>\n<p>A \u00f3rbita de Kiron \u00e9 altamente ecl\u00edptica, o que\u00a0 faz\u00a0 dele o\u00a0 planeta que rege as formas espirais\u00a0 de\u00a0 evolu\u00e7\u00e3o,\u00a0 enquanto\u00a0 os\u00a0 outras planetas nos ensinam de um modo circular. Como a lend\u00e1ria\u00a0 Roda do Karma, continuamos retornando ao principio eterno com as\u00a0 \u00f3rbitas circulares; e Kiron \u00e9 a chave para a\u00a0 forma\u00a0 espiral\u00a0 do\u00a0 universo ou tempo esf\u00e9rico.<\/p>\n<p>A associa\u00e7\u00e3o entre a mitologia (que n\u00e3o podemos esquecer, \u00e9\u00a0 a chave do inconsciente coletivo e\u00a0 o\u00a0 reflete)\u00a0 de\u00a0 Kiron\u00a0 e\u00a0 o\u00a0 estado de nossa cultura desde 1977 \u00e9 fant\u00e1stica.\u00a0 Kiron\u00a0 rege\u00a0 o\u00a0 principio da sincronicidade e a pr\u00f3pria adivinha\u00e7\u00e3o,\u00a0 porque\u00a0 se\u00a0 concentra explicitamente em dimens\u00f5es mais elevadas regidas\u00a0 por\u00a0 Urano, Netuno e Plut\u00e3o.<\/p>\n<p>Na\u00a0\u00a0 mitologia\u00a0\u00a0 Kiron\u00a0 foi\u00a0 um\u00a0 grande\u00a0 rei-sacerdote\u00a0 dos\u00a0 centauros. Era habilidoso na ca\u00e7a,\u00a0 na medicina,\u00a0 na musica,\u00a0 na\u00a0 gin\u00e1stica, na arte da\u00a0 guerra\u00a0 e\u00a0 na\u00a0 astrologia.\u00a0 Foi mestre de\u00a0 Aquiles, Orfeu, Jas\u00e3o, H\u00e9rcules e outros. Por isso\u00a0 come\u00e7amos\u00a0 a\u00a0 estabelecer essas identifica\u00e7\u00f5es\u00a0 em\u00a0 1977.\u00a0 Se\u00a0 refletirmos\u00a0 em\u00a0 1977-1979, notaremos que muitos ensinamentos m\u00e1gicos,\u00a0 de cura e\u00a0 de\u00a0\u00a0 guerreiros\u00a0 sagrados\u00a0 da\u00a0 Nova\u00a0 Era\u00a0 surgiram\u00a0 na\u00a0 cultura.\u00a0 Ressaltamos esse fato porque a descoberta desse planeta assinala\u00a0 em si mesma\u00a0 a\u00a0 possibilidade\u00a0 efetiva\u00a0 de\u00a0 recuperar\u00a0 rodas\u00a0 as\u00a0 antigas t\u00e9cnicas esot\u00e9ricas para a transmuta\u00e7\u00e3o do\u00a0 corpo\u00a0 e\u00a0 da\u00a0 alma. Sempre constitui um ensinamento sagrado a doutrina de\u00a0 que\u00a0 o\u00a0 adepto\u00a0 deveria\u00a0 aprender\u00a0 um\u00a0 talento\u00a0\u00a0 divinat\u00f3rio\u00a0\u00a0 quando\u00a0 estivesse pronto para come\u00e7ar sua\u00a0 busca\u00a0 m\u00e1gica. E\u00a0 agora\u00a0 esta\u00a0 presente no planeta a energia que permite \u00e0s pessoas ativarem os\u00a0 talentos divinat\u00f3rios, como o \u00e9 a pr\u00f3pria Astrologia.<\/p>\n<p>Bem, mas como dissemos s\u00f3 o tempo poder\u00e1 nos dizer se\u00a0 tais\u00a0 conclus\u00f5es s\u00e3o realmente verdadeiras. Por hora vamos aplic\u00e1-las\u00a0 e verificar o seu fundo de verdade.<\/p>\n<p>&nbsp;<\/p>\n","protected":false},"excerpt":{"rendered":"<p>Dez s\u00edmbolos pertencentes ao Sol, a Lua e aos\u00a0 planetas\u00a0 do\u00a0 nosso sistema solar. Tais s\u00e3o: Tais\u00a0 s\u00edmbolos\u00a0 tem\u00a0 um\u00a0 significado\u00a0 pr\u00f3prio.\u00a0 Passemos\u00a0 a\u00a0 compreend\u00ea-los melhor. O c\u00edrculo representa o Esp\u00edrito, a Meia\u00a0 Lua\u00a0 representa\u00a0 a\u00a0 Alma e a Cruz representa a Mat\u00e9ria. Assim: &nbsp; O Sol indica o Esp\u00edrito; &nbsp; A Lua indica a &#8230; <a title=\"Os Astros\" class=\"read-more\" href=\"https:\/\/oraculos.com.br\/index.php\/os-astros\/\" aria-label=\"Read more about Os Astros\">Read more<\/a><\/p>\n","protected":false},"author":2,"featured_media":0,"parent":0,"menu_order":0,"comment_status":"closed","ping_status":"closed","template":"","meta":{"footnotes":""},"class_list":["post-121","page","type-page","status-publish"],"_links":{"self":[{"href":"https:\/\/oraculos.com.br\/index.php\/wp-json\/wp\/v2\/pages\/121","targetHints":{"allow":["GET"]}}],"collection":[{"href":"https:\/\/oraculos.com.br\/index.php\/wp-json\/wp\/v2\/pages"}],"about":[{"href":"https:\/\/oraculos.com.br\/index.php\/wp-json\/wp\/v2\/types\/page"}],"author":[{"embeddable":true,"href":"https:\/\/oraculos.com.br\/index.php\/wp-json\/wp\/v2\/users\/2"}],"replies":[{"embeddable":true,"href":"https:\/\/oraculos.com.br\/index.php\/wp-json\/wp\/v2\/comments?post=121"}],"version-history":[{"count":0,"href":"https:\/\/oraculos.com.br\/index.php\/wp-json\/wp\/v2\/pages\/121\/revisions"}],"wp:attachment":[{"href":"https:\/\/oraculos.com.br\/index.php\/wp-json\/wp\/v2\/media?parent=121"}],"curies":[{"name":"wp","href":"https:\/\/api.w.org\/{rel}","templated":true}]}}